{"id":29,"date":"2020-11-20T11:25:00","date_gmt":"2020-11-20T11:25:00","guid":{"rendered":"http:\/\/localhost\/bosforturizm.ro\/?page_id=29"},"modified":"2020-12-28T13:06:34","modified_gmt":"2020-12-28T13:06:34","slug":"termeni-si-conditii-de-calatorie","status":"publish","type":"page","link":"https:\/\/www.bosforturizm.ro\/en\/termeni-si-conditii-de-calatorie\/","title":{"rendered":"Terms and conditions of travel"},"content":{"rendered":"Terms and conditions of travel&#8230;","protected":false},"excerpt":{"rendered":"<p>Terms and conditions of travel&#8230;<\/p>\n","protected":false},"author":1,"featured_media":0,"parent":0,"menu_order":0,"comment_status":"closed","ping_status":"closed","template":"","meta":[],"yoast_head":"<!-- This site is optimized with the Yoast SEO plugin v19.4 - https:\/\/yoast.com\/wordpress\/plugins\/seo\/ -->\n<title>Terms and conditions of travel - Bosfor Turizm<\/title>\n<meta name=\"robots\" content=\"index, follow, max-snippet:-1, max-image-preview:large, max-video-preview:-1\" \/>\n<link rel=\"canonical\" href=\"https:\/\/www.bosforturizm.ro\/termeni-si-conditii-de-calatorie\/\" \/>\n<meta property=\"og:locale\" content=\"en_US\" \/>\n<meta property=\"og:type\" content=\"article\" \/>\n<meta property=\"og:title\" content=\"[:ro]Termeni \u0219i condi\u021bii de c\u0103l\u0103torie[:en]Terms and conditions of travel[:tr]Seyahat h\u00fck\u00fcm ve ko\u015fullar\u0131[:] - Bosfor Turizm\" \/>\n<meta property=\"og:description\" content=\"Terms and conditions of travel&#8230;\" \/>\n<meta property=\"og:url\" content=\"https:\/\/www.bosforturizm.ro\/termeni-si-conditii-de-calatorie\/\" \/>\n<meta property=\"og:site_name\" content=\"Bosfor Turizm\" \/>\n<meta property=\"article:modified_time\" content=\"2020-12-28T13:06:34+00:00\" \/>\n<meta property=\"og:image\" content=\"https:\/\/www.bosforturizm.ro\/wp-content\/uploads\/2021\/03\/fb.jpg\" \/>\n\t<meta property=\"og:image:width\" content=\"1200\" \/>\n\t<meta property=\"og:image:height\" content=\"630\" \/>\n\t<meta property=\"og:image:type\" content=\"image\/jpeg\" \/>\n<meta name=\"twitter:card\" content=\"summary_large_image\" \/>\n<meta name=\"twitter:label1\" content=\"Est. reading time\" \/>\n\t<meta name=\"twitter:data1\" content=\"3 minutes\" \/>\n<script type=\"application\/ld+json\" class=\"yoast-schema-graph\">{\"@context\":\"https:\/\/schema.org\",\"@graph\":[{\"@type\":\"WebSite\",\"@id\":\"https:\/\/www.bosforturizm.ro\/tr\/#website\",\"url\":\"https:\/\/www.bosforturizm.ro\/tr\/\",\"name\":\"Bosfor Turizm\",\"description\":\"Curse autocar Romania - Turcia\",\"potentialAction\":[{\"@type\":\"SearchAction\",\"target\":{\"@type\":\"EntryPoint\",\"urlTemplate\":\"https:\/\/www.bosforturizm.ro\/tr\/?s={search_term_string}\"},\"query-input\":\"required name=search_term_string\"}],\"inLanguage\":\"en-US\"},{\"@type\":\"WebPage\",\"@id\":\"https:\/\/www.bosforturizm.ro\/termeni-si-conditii-de-calatorie\/\",\"url\":\"https:\/\/www.bosforturizm.ro\/termeni-si-conditii-de-calatorie\/\",\"name\":\"[:ro]Termeni \u0219i condi\u021bii de c\u0103l\u0103torie[:en]Terms and conditions of travel[:tr]Seyahat h\u00fck\u00fcm ve ko\u015fullar\u0131[:] - Bosfor Turizm\",\"isPartOf\":{\"@id\":\"https:\/\/www.bosforturizm.ro\/tr\/#website\"},\"datePublished\":\"2020-11-20T11:25:00+00:00\",\"dateModified\":\"2020-12-28T13:06:34+00:00\",\"breadcrumb\":{\"@id\":\"https:\/\/www.bosforturizm.ro\/termeni-si-conditii-de-calatorie\/#breadcrumb\"},\"inLanguage\":\"en-US\",\"potentialAction\":[{\"@type\":\"ReadAction\",\"target\":[\"https:\/\/www.bosforturizm.ro\/termeni-si-conditii-de-calatorie\/\"]}]},{\"@type\":\"BreadcrumbList\",\"@id\":\"https:\/\/www.bosforturizm.ro\/termeni-si-conditii-de-calatorie\/#breadcrumb\",\"itemListElement\":[{\"@type\":\"ListItem\",\"position\":1,\"name\":\"Prima pagin\u0103\",\"item\":\"https:\/\/www.bosforturizm.ro\/tr\/\"},{\"@type\":\"ListItem\",\"position\":2,\"name\":\"Termeni \u0219i condi\u021bii de c\u0103l\u0103torie\"}]}]}<\/script>\n<!-- \/ Yoast SEO plugin. -->","yoast_head_json":{"title":"[:ro]Termeni \u0219i condi\u021bii de c\u0103l\u0103torie[:en]Terms and conditions of travel[:tr]Seyahat h\u00fck\u00fcm ve ko\u015fullar\u0131[:] - Bosfor Turizm","robots":{"index":"index","follow":"follow","max-snippet":"max-snippet:-1","max-image-preview":"max-image-preview:large","max-video-preview":"max-video-preview:-1"},"canonical":"https:\/\/www.bosforturizm.ro\/termeni-si-conditii-de-calatorie\/","og_locale":"en_US","og_type":"article","og_title":"[:ro]Termeni \u0219i condi\u021bii de c\u0103l\u0103torie[:en]Terms and conditions of travel[:tr]Seyahat h\u00fck\u00fcm ve ko\u015fullar\u0131[:] - Bosfor Turizm","og_description":"Terms and conditions of travel&#8230;","og_url":"https:\/\/www.bosforturizm.ro\/termeni-si-conditii-de-calatorie\/","og_site_name":"Bosfor Turizm","article_modified_time":"2020-12-28T13:06:34+00:00","og_image":[{"width":1200,"height":630,"url":"https:\/\/www.bosforturizm.ro\/wp-content\/uploads\/2021\/03\/fb.jpg","type":"image\/jpeg"}],"twitter_card":"summary_large_image","twitter_misc":{"Est. reading time":"3 minutes"},"schema":{"@context":"https:\/\/schema.org","@graph":[{"@type":"WebSite","@id":"https:\/\/www.bosforturizm.ro\/tr\/#website","url":"https:\/\/www.bosforturizm.ro\/tr\/","name":"Bosfor Turizm","description":"Curse autocar Romania - Turcia","potentialAction":[{"@type":"SearchAction","target":{"@type":"EntryPoint","urlTemplate":"https:\/\/www.bosforturizm.ro\/tr\/?s={search_term_string}"},"query-input":"required name=search_term_string"}],"inLanguage":"en-US"},{"@type":"WebPage","@id":"https:\/\/www.bosforturizm.ro\/termeni-si-conditii-de-calatorie\/","url":"https:\/\/www.bosforturizm.ro\/termeni-si-conditii-de-calatorie\/","name":"[:ro]Termeni \u0219i condi\u021bii de c\u0103l\u0103torie[:en]Terms and conditions of travel[:tr]Seyahat h\u00fck\u00fcm ve ko\u015fullar\u0131[:] - Bosfor Turizm","isPartOf":{"@id":"https:\/\/www.bosforturizm.ro\/tr\/#website"},"datePublished":"2020-11-20T11:25:00+00:00","dateModified":"2020-12-28T13:06:34+00:00","breadcrumb":{"@id":"https:\/\/www.bosforturizm.ro\/termeni-si-conditii-de-calatorie\/#breadcrumb"},"inLanguage":"en-US","potentialAction":[{"@type":"ReadAction","target":["https:\/\/www.bosforturizm.ro\/termeni-si-conditii-de-calatorie\/"]}]},{"@type":"BreadcrumbList","@id":"https:\/\/www.bosforturizm.ro\/termeni-si-conditii-de-calatorie\/#breadcrumb","itemListElement":[{"@type":"ListItem","position":1,"name":"Prima pagin\u0103","item":"https:\/\/www.bosforturizm.ro\/tr\/"},{"@type":"ListItem","position":2,"name":"Termeni \u0219i condi\u021bii de c\u0103l\u0103torie"}]}]}},"_links":{"self":[{"href":"https:\/\/www.bosforturizm.ro\/en\/wp-json\/wp\/v2\/pages\/29"}],"collection":[{"href":"https:\/\/www.bosforturizm.ro\/en\/wp-json\/wp\/v2\/pages"}],"about":[{"href":"https:\/\/www.bosforturizm.ro\/en\/wp-json\/wp\/v2\/types\/page"}],"author":[{"embeddable":true,"href":"https:\/\/www.bosforturizm.ro\/en\/wp-json\/wp\/v2\/users\/1"}],"replies":[{"embeddable":true,"href":"https:\/\/www.bosforturizm.ro\/en\/wp-json\/wp\/v2\/comments?post=29"}],"version-history":[{"count":0,"href":"https:\/\/www.bosforturizm.ro\/en\/wp-json\/wp\/v2\/pages\/29\/revisions"}],"wp:attachment":[{"href":"https:\/\/www.bosforturizm.ro\/en\/wp-json\/wp\/v2\/media?parent=29"}],"curies":[{"name":"wp","href":"https:\/\/api.w.org\/{rel}","templated":true}]}}